{"id":104,"date":"2018-07-16T10:14:33","date_gmt":"2018-07-16T10:14:33","guid":{"rendered":"http:\/\/demo.acmethemes.com\/lawyer-zone\/?page_id=48"},"modified":"2023-01-31T18:32:45","modified_gmt":"2023-01-31T18:32:45","slug":"direito-tributario","status":"publish","type":"page","link":"https:\/\/bmradvogadosassociados.com.br\/wfe\/direito-tributario\/","title":{"rendered":"Direito Tribut\u00e1rio"},"content":{"rendered":"\n<p class=\"has-medium-font-size\">Este N\u00facleo tem por objetivo primeiramente assessorar o empres\u00e1rio na busca do melhor plano tribut\u00e1rio para sua empresa e depois defender o empres\u00e1rio contra a\u00e7\u00f5es do fisco que resultem em perda financeira. <br>\u00c9 coordenado pelo advogado Vicente Aron Machado da Rocha, OAB-RS 102.940 e OAB-SC 46.950-A e sua equipe de assistentes, inclusive contadores. <br><br>Atuamos nos seguintes aspectos:<\/p>\n\n\n\n<ul>\n<li>Defesas em Execu\u00e7\u00f5es Fiscais;<\/li>\n\n\n\n<li>Planejamento Tribut\u00e1rio;<\/li>\n\n\n\n<li>Recupera\u00e7\u00e3o de Cr\u00e9ditos;<\/li>\n\n\n\n<li>Parcelamentos administrativos.<\/li>\n<\/ul>\n\n\n\n<div style=\"height:100px\" aria-hidden=\"true\" class=\"wp-block-spacer\"><\/div>\n\n\n\n<div id=\"section-gff711f\" class=\"wp-block-gutentor-e2 section-gff711f gutentor-element gutentor-element-button button-align-center-desktop\"><span class=\"gutentor-button-wrap\"><a class=\"gutentor-button gutentor-block-button gutentor-icon-hide\" href=\"http:\/\/bmradvogadosassociados.com.br\/wfe\/#areasdeatuacao\"><i class=\"gutentor-button-icon fas fa-book\"><\/i><span>VOLTAR<\/span><\/a><\/span><\/div>\n","protected":false},"excerpt":{"rendered":"<p>Este N\u00facleo tem por principal objetivo assessorar o empres\u00e1rio na busca do melhor plano tribut\u00e1rio para sua empresa, assim como defend\u00ea-lo contra a\u00e7\u00f5es do fisco que resultem em perdas financeiras.<\/p>\n","protected":false},"author":1,"featured_media":409,"parent":0,"menu_order":0,"comment_status":"closed","ping_status":"closed","template":"","meta":[],"_links":{"self":[{"href":"https:\/\/bmradvogadosassociados.com.br\/wfe\/wp-json\/wp\/v2\/pages\/104"}],"collection":[{"href":"https:\/\/bmradvogadosassociados.com.br\/wfe\/wp-json\/wp\/v2\/pages"}],"about":[{"href":"https:\/\/bmradvogadosassociados.com.br\/wfe\/wp-json\/wp\/v2\/types\/page"}],"author":[{"embeddable":true,"href":"https:\/\/bmradvogadosassociados.com.br\/wfe\/wp-json\/wp\/v2\/users\/1"}],"replies":[{"embeddable":true,"href":"https:\/\/bmradvogadosassociados.com.br\/wfe\/wp-json\/wp\/v2\/comments?post=104"}],"version-history":[{"count":8,"href":"https:\/\/bmradvogadosassociados.com.br\/wfe\/wp-json\/wp\/v2\/pages\/104\/revisions"}],"predecessor-version":[{"id":548,"href":"https:\/\/bmradvogadosassociados.com.br\/wfe\/wp-json\/wp\/v2\/pages\/104\/revisions\/548"}],"wp:featuredmedia":[{"embeddable":true,"href":"https:\/\/bmradvogadosassociados.com.br\/wfe\/wp-json\/wp\/v2\/media\/409"}],"wp:attachment":[{"href":"https:\/\/bmradvogadosassociados.com.br\/wfe\/wp-json\/wp\/v2\/media?parent=104"}],"curies":[{"name":"wp","href":"https:\/\/api.w.org\/{rel}","templated":true}]}}