{"id":106,"date":"2018-07-16T10:14:10","date_gmt":"2018-07-16T10:14:10","guid":{"rendered":"http:\/\/demo.acmethemes.com\/lawyer-zone\/?page_id=46"},"modified":"2023-01-31T18:31:05","modified_gmt":"2023-01-31T18:31:05","slug":"direito-empresarial","status":"publish","type":"page","link":"https:\/\/bmradvogadosassociados.com.br\/wfe\/direito-empresarial\/","title":{"rendered":"Direito Empresarial"},"content":{"rendered":"\n<p class=\"has-medium-font-size\">Este N\u00facleo atende a classe empresarial, assessorando nas mais diversas \u00e1reas de neg\u00f3cio, visando sempre proteger o patrim\u00f4nio da empresa e dar seguran\u00e7a nos seus atos. <br>\u00c9 Coordenado pelo Advogado Luis Cl\u00f3vis Machado da Rocha, OAB-RS 24.832 e sua equipe de colaboradores. <\/p>\n\n\n\n<p class=\"has-medium-font-size\"><strong>Prestamos servi\u00e7os nos seguintes temas:<\/strong><\/p>\n\n\n\n<ul>\n<li>Defesas em a\u00e7\u00f5es banc\u00e1rias;<\/li>\n\n\n\n<li>Recupera\u00e7\u00e3o Extra-Judicial e Judicial;<\/li>\n\n\n\n<li>Cria\u00e7\u00e3o e fus\u00e3o de empresas;<\/li>\n\n\n\n<li>Sucess\u00e3o empresarial;<\/li>\n\n\n\n<li>Elabora\u00e7\u00e3o de Contratos;<\/li>\n\n\n\n<li>Cria\u00e7\u00e3o de Cooperativas, Condom\u00ednios e Holding;<\/li>\n\n\n\n<li>LGPD \u2013 Lei Geral de Prote\u00e7\u00e3o de Dados.<\/li>\n<\/ul>\n\n\n\n<div style=\"height:100px\" aria-hidden=\"true\" class=\"wp-block-spacer\"><\/div>\n\n\n\n<div id=\"section-g75b946\" class=\"wp-block-gutentor-e2 section-g75b946 gutentor-element gutentor-element-button button-align-center-desktop\"><span class=\"gutentor-button-wrap\"><a class=\"gutentor-button gutentor-block-button gutentor-icon-hide\" href=\"http:\/\/bmradvogadosassociados.com.br\/wfe\/#areasdeatuacao\"><i class=\"gutentor-button-icon fas fa-book\"><\/i><span>VOLTAR<\/span><\/a><\/span><\/div>\n","protected":false},"excerpt":{"rendered":"<p>Este N\u00facleo atende a classe empresarial, assessorando-a nas mais diversas \u00e1reas de neg\u00f3cio, visando sempre proteger o patrim\u00f4nio da empresa e trazer seguran\u00e7a aos seus atos.<\/p>\n","protected":false},"author":1,"featured_media":404,"parent":0,"menu_order":0,"comment_status":"closed","ping_status":"closed","template":"","meta":[],"_links":{"self":[{"href":"https:\/\/bmradvogadosassociados.com.br\/wfe\/wp-json\/wp\/v2\/pages\/106"}],"collection":[{"href":"https:\/\/bmradvogadosassociados.com.br\/wfe\/wp-json\/wp\/v2\/pages"}],"about":[{"href":"https:\/\/bmradvogadosassociados.com.br\/wfe\/wp-json\/wp\/v2\/types\/page"}],"author":[{"embeddable":true,"href":"https:\/\/bmradvogadosassociados.com.br\/wfe\/wp-json\/wp\/v2\/users\/1"}],"replies":[{"embeddable":true,"href":"https:\/\/bmradvogadosassociados.com.br\/wfe\/wp-json\/wp\/v2\/comments?post=106"}],"version-history":[{"count":8,"href":"https:\/\/bmradvogadosassociados.com.br\/wfe\/wp-json\/wp\/v2\/pages\/106\/revisions"}],"predecessor-version":[{"id":543,"href":"https:\/\/bmradvogadosassociados.com.br\/wfe\/wp-json\/wp\/v2\/pages\/106\/revisions\/543"}],"wp:featuredmedia":[{"embeddable":true,"href":"https:\/\/bmradvogadosassociados.com.br\/wfe\/wp-json\/wp\/v2\/media\/404"}],"wp:attachment":[{"href":"https:\/\/bmradvogadosassociados.com.br\/wfe\/wp-json\/wp\/v2\/media?parent=106"}],"curies":[{"name":"wp","href":"https:\/\/api.w.org\/{rel}","templated":true}]}}