{"id":108,"date":"2018-07-16T10:13:17","date_gmt":"2018-07-16T10:13:17","guid":{"rendered":"http:\/\/demo.acmethemes.com\/lawyer-zone\/?page_id=44"},"modified":"2023-01-31T18:33:53","modified_gmt":"2023-01-31T18:33:53","slug":"direito-civil","status":"publish","type":"page","link":"https:\/\/bmradvogadosassociados.com.br\/wfe\/direito-civil\/","title":{"rendered":"Direito Civil"},"content":{"rendered":"\n<p class=\"has-medium-font-size\">Este N\u00facleo trabalha com exclusividade atendendo pessoas f\u00edsicas que pretendem assegurar seus direitos.<br>\u00c9 coordenado pelo advogado ANTONIO C\u00c9SAR BANDEIRA FONSECA, OAB-RS 98.726. <\/p>\n\n\n\n<p class=\"has-medium-font-size\"><strong>S\u00e3o as seguintes \u00e1reas:<\/strong><\/p>\n\n\n\n<ul>\n<li>Sucess\u00f5es (Invent\u00e1rio \u2013 Testamento, etc.);<\/li>\n\n\n\n<li>Usucapi\u00e3o e More Legal;<\/li>\n\n\n\n<li>A\u00e7\u00f5es Imobili\u00e1rias;<\/li>\n\n\n\n<li>A\u00e7\u00f5es de Fam\u00edlia (Separa\u00e7\u00e3o, Divorcio, etc.);<\/li>\n\n\n\n<li>Repara\u00e7\u00e3o de Danos decorrente de Acidentes de Ve\u00edculos;<\/li>\n\n\n\n<li>Defesa do Consumidor.<\/li>\n<\/ul>\n\n\n\n<div style=\"height:100px\" aria-hidden=\"true\" class=\"wp-block-spacer\"><\/div>\n\n\n\n<div id=\"section-ge22477\" class=\"wp-block-gutentor-e2 section-ge22477 gutentor-element gutentor-element-button button-align-center-desktop\"><span class=\"gutentor-button-wrap\"><a class=\"gutentor-button gutentor-block-button gutentor-icon-hide\" href=\"http:\/\/bmradvogadosassociados.com.br\/wfe\/#areasdeatuacao\"><i class=\"gutentor-button-icon fas fa-book\"><\/i><span>VOLTAR<\/span><\/a><\/span><\/div>\n","protected":false},"excerpt":{"rendered":"<p>Este N\u00facleo trabalha com exclusividade  atendendo  pessoas f\u00edsicas que pretendem assegurar seus direitos. <\/p>\n","protected":false},"author":1,"featured_media":396,"parent":0,"menu_order":0,"comment_status":"closed","ping_status":"closed","template":"","meta":[],"_links":{"self":[{"href":"https:\/\/bmradvogadosassociados.com.br\/wfe\/wp-json\/wp\/v2\/pages\/108"}],"collection":[{"href":"https:\/\/bmradvogadosassociados.com.br\/wfe\/wp-json\/wp\/v2\/pages"}],"about":[{"href":"https:\/\/bmradvogadosassociados.com.br\/wfe\/wp-json\/wp\/v2\/types\/page"}],"author":[{"embeddable":true,"href":"https:\/\/bmradvogadosassociados.com.br\/wfe\/wp-json\/wp\/v2\/users\/1"}],"replies":[{"embeddable":true,"href":"https:\/\/bmradvogadosassociados.com.br\/wfe\/wp-json\/wp\/v2\/comments?post=108"}],"version-history":[{"count":10,"href":"https:\/\/bmradvogadosassociados.com.br\/wfe\/wp-json\/wp\/v2\/pages\/108\/revisions"}],"predecessor-version":[{"id":550,"href":"https:\/\/bmradvogadosassociados.com.br\/wfe\/wp-json\/wp\/v2\/pages\/108\/revisions\/550"}],"wp:featuredmedia":[{"embeddable":true,"href":"https:\/\/bmradvogadosassociados.com.br\/wfe\/wp-json\/wp\/v2\/media\/396"}],"wp:attachment":[{"href":"https:\/\/bmradvogadosassociados.com.br\/wfe\/wp-json\/wp\/v2\/media?parent=108"}],"curies":[{"name":"wp","href":"https:\/\/api.w.org\/{rel}","templated":true}]}}