{"id":110,"date":"2018-07-16T10:11:35","date_gmt":"2018-07-16T10:11:35","guid":{"rendered":"http:\/\/demo.acmethemes.com\/lawyer-zone\/?page_id=42"},"modified":"2023-01-31T18:31:30","modified_gmt":"2023-01-31T18:31:30","slug":"direito-publico","status":"publish","type":"page","link":"https:\/\/bmradvogadosassociados.com.br\/wfe\/direito-publico\/","title":{"rendered":"Direito P\u00fablico"},"content":{"rendered":"\n<p class=\"has-medium-font-size\">Este N\u00facleo tem por objetivo servir com excel\u00eancia o servidor P\u00fablico, fazendo valer seus direitos. Atendemos todo o Estado do RS. <br>\u00c9 Coordenado pelos advogados Eduardo Bechorner, OAB-RS 47.305, Neusa de F\u00e1tima Rocznieski Bechorner, OAB-RS 70.780 e Emerson Strapazzon Oliveira, OAB-RS 93406. \u00a0Todos especialistas em Direito P\u00fablico.<\/p>\n\n\n\n<p class=\"has-medium-font-size\"><strong> Prestamos servi\u00e7os nos seguintes temas<\/strong>:<\/p>\n\n\n\n<ul>\n<li>Plano de Carreira;<\/li>\n\n\n\n<li>Regime Jur\u00eddico;<\/li>\n\n\n\n<li>Regime de Previd\u00eancia;<\/li>\n\n\n\n<li>Atos de Improbidade;<\/li>\n\n\n\n<li>Defesa em Sindic\u00e2ncia e PAD;<\/li>\n\n\n\n<li>Assessoria para Sindicatos;<\/li>\n\n\n\n<li>Concursos e Contratos P\u00fablicos.<\/li>\n<\/ul>\n\n\n\n<div style=\"height:100px\" aria-hidden=\"true\" class=\"wp-block-spacer\"><\/div>\n\n\n\n<div id=\"section-g7bcb2d\" class=\"wp-block-gutentor-e2 section-g7bcb2d gutentor-element gutentor-element-button button-align-center-desktop\"><span class=\"gutentor-button-wrap\"><a class=\"gutentor-button gutentor-block-button gutentor-icon-hide\" href=\"http:\/\/bmradvogadosassociados.com.br\/wfe\/#areasdeatuacao\"><i class=\"gutentor-button-icon fas fa-book\"><\/i><span>VOLTAR<\/span><\/a><\/span><\/div>\n","protected":false},"excerpt":{"rendered":"<p>Este N\u00facleo tem por objetivo servir com excel\u00eancia o servidor P\u00fablico, fazendo valer seus direitos. Atendemos todo o Estado do RS.<\/p>\n","protected":false},"author":1,"featured_media":408,"parent":0,"menu_order":0,"comment_status":"closed","ping_status":"closed","template":"","meta":[],"_links":{"self":[{"href":"https:\/\/bmradvogadosassociados.com.br\/wfe\/wp-json\/wp\/v2\/pages\/110"}],"collection":[{"href":"https:\/\/bmradvogadosassociados.com.br\/wfe\/wp-json\/wp\/v2\/pages"}],"about":[{"href":"https:\/\/bmradvogadosassociados.com.br\/wfe\/wp-json\/wp\/v2\/types\/page"}],"author":[{"embeddable":true,"href":"https:\/\/bmradvogadosassociados.com.br\/wfe\/wp-json\/wp\/v2\/users\/1"}],"replies":[{"embeddable":true,"href":"https:\/\/bmradvogadosassociados.com.br\/wfe\/wp-json\/wp\/v2\/comments?post=110"}],"version-history":[{"count":8,"href":"https:\/\/bmradvogadosassociados.com.br\/wfe\/wp-json\/wp\/v2\/pages\/110\/revisions"}],"predecessor-version":[{"id":546,"href":"https:\/\/bmradvogadosassociados.com.br\/wfe\/wp-json\/wp\/v2\/pages\/110\/revisions\/546"}],"wp:featuredmedia":[{"embeddable":true,"href":"https:\/\/bmradvogadosassociados.com.br\/wfe\/wp-json\/wp\/v2\/media\/408"}],"wp:attachment":[{"href":"https:\/\/bmradvogadosassociados.com.br\/wfe\/wp-json\/wp\/v2\/media?parent=110"}],"curies":[{"name":"wp","href":"https:\/\/api.w.org\/{rel}","templated":true}]}}