{"id":114,"date":"2018-07-16T10:10:37","date_gmt":"2018-07-16T10:10:37","guid":{"rendered":"http:\/\/demo.acmethemes.com\/lawyer-zone\/?page_id=38"},"modified":"2023-01-31T18:28:14","modified_gmt":"2023-01-31T18:28:14","slug":"agronegocio-e-ambiental","status":"publish","type":"page","link":"https:\/\/bmradvogadosassociados.com.br\/wfe\/agronegocio-e-ambiental\/","title":{"rendered":"Agroneg\u00f3cio e Ambiental"},"content":{"rendered":"\n<p class=\"has-medium-font-size\">Este n\u00facleo atende com exclusividade a classe produtora, assessorando-o nas mais diversas necessidades. <br>\u00c9 Coordenado pelo Advogado Luis Cl\u00f3vis Machado da Rocha, OAB-RS 24.832 e sua equipe de assessores. <\/p>\n\n\n\n<p class=\"has-medium-font-size\">Atuamos nas seguintes \u00e1reas:<\/p>\n\n\n\n<ul>\n<li>Cr\u00e9dito Rural e demais Financiamentos Agr\u00edcolas Rural;<\/li>\n\n\n\n<li>Renegocia\u00e7\u00e3o de d\u00edvidas;<\/li>\n\n\n\n<li>Recupera\u00e7\u00e3o Extra-Judicial e Judicial do Agricultor;<\/li>\n\n\n\n<li>Cria\u00e7\u00e3o de Condom\u00ednios e Holding Rural;<\/li>\n\n\n\n<li>Direito Agr\u00e1rio (Compra e Venda, Arrendamentos e Parceria Rural);<\/li>\n\n\n\n<li>Tributa\u00e7\u00e3o do Agro (IR \u2013 ITR \u2013 FUNRURAL \u2013 INSS \u2013 ISS \u2013 ETC);<\/li>\n\n\n\n<li>Contratos de Hedge \u2013 Venda Futura \u2013 CPR, etc.;<\/li>\n\n\n\n<li>Repara\u00e7\u00e3o de Danos em Geral;<\/li>\n\n\n\n<li>Defesas em autua\u00e7\u00f5es ambientais perante Munic\u00edpio e SEMA \u2013 RS ou IBAMA;<\/li>\n\n\n\n<li>Defesas em A\u00e7\u00e3o Civil P\u00fablica;<\/li>\n\n\n\n<li>Defesas em crimes ambientais.<\/li>\n<\/ul>\n\n\n\n<div style=\"height:100px\" aria-hidden=\"true\" class=\"wp-block-spacer\"><\/div>\n\n\n\n<div id=\"section-gfba215\" class=\"wp-block-gutentor-e2 section-gfba215 gutentor-element gutentor-element-button button-align-center-desktop\"><span class=\"gutentor-button-wrap\"><a class=\"gutentor-button gutentor-block-button gutentor-icon-hide\" href=\"http:\/\/bmradvogadosassociados.com.br\/wfe\/#areasdeatuacao\"><i class=\"gutentor-button-icon fas fa-book\"><\/i><span>VOLTAR<\/span><\/a><\/span><\/div>\n","protected":false},"excerpt":{"rendered":"<p>Este N\u00facleo atende com exclusividade a classe produtora, assessorando-a nas mais diversas necessidades.<\/p>\n","protected":false},"author":1,"featured_media":406,"parent":0,"menu_order":0,"comment_status":"closed","ping_status":"closed","template":"","meta":[],"_links":{"self":[{"href":"https:\/\/bmradvogadosassociados.com.br\/wfe\/wp-json\/wp\/v2\/pages\/114"}],"collection":[{"href":"https:\/\/bmradvogadosassociados.com.br\/wfe\/wp-json\/wp\/v2\/pages"}],"about":[{"href":"https:\/\/bmradvogadosassociados.com.br\/wfe\/wp-json\/wp\/v2\/types\/page"}],"author":[{"embeddable":true,"href":"https:\/\/bmradvogadosassociados.com.br\/wfe\/wp-json\/wp\/v2\/users\/1"}],"replies":[{"embeddable":true,"href":"https:\/\/bmradvogadosassociados.com.br\/wfe\/wp-json\/wp\/v2\/comments?post=114"}],"version-history":[{"count":12,"href":"https:\/\/bmradvogadosassociados.com.br\/wfe\/wp-json\/wp\/v2\/pages\/114\/revisions"}],"predecessor-version":[{"id":540,"href":"https:\/\/bmradvogadosassociados.com.br\/wfe\/wp-json\/wp\/v2\/pages\/114\/revisions\/540"}],"wp:featuredmedia":[{"embeddable":true,"href":"https:\/\/bmradvogadosassociados.com.br\/wfe\/wp-json\/wp\/v2\/media\/406"}],"wp:attachment":[{"href":"https:\/\/bmradvogadosassociados.com.br\/wfe\/wp-json\/wp\/v2\/media?parent=114"}],"curies":[{"name":"wp","href":"https:\/\/api.w.org\/{rel}","templated":true}]}}