{"id":116,"date":"2018-07-16T10:10:14","date_gmt":"2018-07-16T10:10:14","guid":{"rendered":"http:\/\/demo.acmethemes.com\/lawyer-zone\/?page_id=36"},"modified":"2023-01-31T18:33:03","modified_gmt":"2023-01-31T18:33:03","slug":"trabalhista-previdenciario","status":"publish","type":"page","link":"https:\/\/bmradvogadosassociados.com.br\/wfe\/trabalhista-previdenciario\/","title":{"rendered":"Trabalhista\/Previdenci\u00e1rio"},"content":{"rendered":"\n<p class=\"has-medium-font-size\">Este n\u00facleo visa prestar servi\u00e7os trabalhistas e previdenci\u00e1rios para quem realmente sentir-se lesado ou quer se acautelar de eventual passivo. <br>\u00c9 dirigido pelos advogados Eduardo Bechorner, OAB-RS 47.305 e Taisa Meneghini, OAB-RS 109.752. <\/p>\n\n\n\n<p class=\"has-medium-font-size\"><strong>Atua nas seguintes \u00e1reas:<\/strong><\/p>\n\n\n\n<ul>\n<li>Consultoria Trabalhista e Previdenci\u00e1ria;<\/li>\n\n\n\n<li>Defesas Trabalhistas;<\/li>\n\n\n\n<li>Elabora\u00e7\u00e3o de Acordos e Conven\u00e7\u00f5es Coletivas;<\/li>\n\n\n\n<li>Aposentadoria por Invalidez Permanente e Definitiva;<\/li>\n\n\n\n<li>Benef\u00edcios Previdenci\u00e1rios (BPC \u2013 Auxilio Doen\u00e7a \u2013 Pens\u00e3o por acidente, Pens\u00e3o por morte, etc.);<\/li>\n\n\n\n<li>Revis\u00e3o de Aposentadoria;<\/li>\n\n\n\n<li>A\u00e7\u00e3o de&nbsp;Repara\u00e7\u00e3o de Danos por Acidente de Trabalho.<\/li>\n<\/ul>\n\n\n\n<div style=\"height:100px\" aria-hidden=\"true\" class=\"wp-block-spacer\"><\/div>\n\n\n\n<div id=\"section-g747a44\" class=\"wp-block-gutentor-e2 section-g747a44 gutentor-element gutentor-element-button button-align-center-desktop\"><span class=\"gutentor-button-wrap\"><a class=\"gutentor-button gutentor-block-button gutentor-icon-hide\" href=\"http:\/\/bmradvogadosassociados.com.br\/wfe\/#areasdeatuacao\"><i class=\"gutentor-button-icon fas fa-book\"><\/i><span>VOLTAR<\/span><\/a><\/span><\/div>\n","protected":false},"excerpt":{"rendered":"<p>Este n\u00facleo \u00a0visa prestar servi\u00e7os trabalhistas\u00a0 e previdenci\u00e1rios para quem realmente \u00a0sentir-se lesado ou quer \u00a0se acautelar de eventual passivo.<\/p>\n","protected":false},"author":1,"featured_media":410,"parent":0,"menu_order":0,"comment_status":"closed","ping_status":"closed","template":"","meta":[],"_links":{"self":[{"href":"https:\/\/bmradvogadosassociados.com.br\/wfe\/wp-json\/wp\/v2\/pages\/116"}],"collection":[{"href":"https:\/\/bmradvogadosassociados.com.br\/wfe\/wp-json\/wp\/v2\/pages"}],"about":[{"href":"https:\/\/bmradvogadosassociados.com.br\/wfe\/wp-json\/wp\/v2\/types\/page"}],"author":[{"embeddable":true,"href":"https:\/\/bmradvogadosassociados.com.br\/wfe\/wp-json\/wp\/v2\/users\/1"}],"replies":[{"embeddable":true,"href":"https:\/\/bmradvogadosassociados.com.br\/wfe\/wp-json\/wp\/v2\/comments?post=116"}],"version-history":[{"count":9,"href":"https:\/\/bmradvogadosassociados.com.br\/wfe\/wp-json\/wp\/v2\/pages\/116\/revisions"}],"predecessor-version":[{"id":549,"href":"https:\/\/bmradvogadosassociados.com.br\/wfe\/wp-json\/wp\/v2\/pages\/116\/revisions\/549"}],"wp:featuredmedia":[{"embeddable":true,"href":"https:\/\/bmradvogadosassociados.com.br\/wfe\/wp-json\/wp\/v2\/media\/410"}],"wp:attachment":[{"href":"https:\/\/bmradvogadosassociados.com.br\/wfe\/wp-json\/wp\/v2\/media?parent=116"}],"curies":[{"name":"wp","href":"https:\/\/api.w.org\/{rel}","templated":true}]}}