{"id":578,"date":"2023-06-22T12:30:20","date_gmt":"2023-06-22T12:30:20","guid":{"rendered":"http:\/\/bmradvogadosassociados.com.br\/wfe\/?page_id=578"},"modified":"2023-08-21T17:47:29","modified_gmt":"2023-08-21T17:47:29","slug":"escritorio-virtual","status":"publish","type":"page","link":"https:\/\/bmradvogadosassociados.com.br\/wfe\/escritorio-virtual\/","title":{"rendered":"Escrit\u00f3rio Virtual"},"content":{"rendered":"\n<div class=\"wp-block-columns is-layout-flex wp-container-4\">\n<div class=\"wp-block-column is-layout-flow\" style=\"flex-basis:35%\">\n<h2 class=\"wp-block-heading\">Agendar <strong>Atendimento<\/strong><\/h2>\n\n\n\n<p>Escolha uma data no m\u00eas desejado, preencha o formul\u00e1rio com todos os dados solicitados e envie para n\u00f3s a sua solicita\u00e7\u00e3o. Nossa equipe ir\u00e1 entrar em contato o mais breve poss\u00edvel.<\/p>\n\n\n\n<div class=\"wp-block-booking-booking\"> <div id=\"form_id644965554882\" class=\"wpdevelop\"><form  id=\"booking_form1\"   class=\"booking_form vertical\" method=\"post\" action=\"\"><div id=\"ajax_respond_insert1\" class=\"ajax_respond_insert\" style=\"display:none;\"><\/div><a name=\"bklnk1\" id=\"bklnk1\"><\/a><div id=\"booking_form_div1\" class=\"booking_form_div\"><div class=\"wpbc_booking_form_structure wpbc_vertical\">\n  <div class=\"wpbc_structure_calendar\">\n    <div class=\"wpbc_change_over_triangle\"><div class=\"bk_calendar_frame months_num_in_row_ cal_month_num_1\" style=\"width:100%;max-width:284px;\"><div id=\"calendar_booking1\">O calend\u00e1rio est\u00e1 carregando...<\/div><\/div><textarea id=\"date_booking1\" name=\"date_booking1\" autocomplete=\"off\" style=\"display:none;\"><\/textarea><div class=\"block_hints datepick  block_hints_vertical \"><div class=\"wpdev_hint_with_text\"><div class=\"block_free datepick-days-cell\"><a>21<\/a><\/div><div class=\"block_text\">- <\/div><div class=\"block_text\">Dispon\u00edvel<\/div><\/div><div class=\"wpdev_hint_with_text\"><div class=\"block_booked date_approved\">21<\/div><div class=\"block_text\">- <\/div><div class=\"block_text\">Reservado<\/div><\/div><div class=\"wpdev_hint_with_text\"><div class=\"block_pending date2approve\">21<\/div><div class=\"block_text\">- <\/div><div class=\"block_text\">Aguardando<\/div><\/div><\/div><\/div>\n  <\/div>\n  <div class=\"wpbc_structure_form\">\n  <div class=\"form-group wpbc-form-element-select wpbc-form-element-rangetime\">  <label for=\"rangetime1\" class=\"control-label\">Escolha o Hor\u00e1rio*:<\/label>   <div class=\"controls\">   <select name=\"rangetime1\" id=\"rangetime1\" class=\"input-xlarge wpdev-validates-as-required\" >  <option value=\"14:00 - 15:00\" >14:00<\/option>  <option value=\"15:00 - 16:00\" >15:00<\/option>  <option value=\"16:00 - 17:00\" >16:00<\/option>  <option value=\"17:00 - 18:00\" >17:00<\/option>  <option value=\"18:00 - 19:00\" >18:00<\/option>     <\/select><\/div><\/div>  <div class=\"form-group wpbc-form-element-text wpbc-form-element-name\">  <label for=\"name1\" class=\"control-label\">Nome Completo*:<\/label>   <div class=\"controls\">   <input type=\"text\" name=\"name1\" id=\"name1\" class=\"input-xlarge wpdev-validates-as-required\" \/><\/div><\/div>  <div class=\"form-group wpbc-form-element-email wpbc-form-element-email\">  <label for=\"email1\" class=\"control-label\">Email*:<\/label>   <div class=\"controls\">   <input type=\"text\" name=\"email1\" id=\"email1\" class=\"input-xlarge wpdev-validates-as-email wpdev-validates-as-required wpdev-validates-as-required\" \/><\/div><\/div>  <div class=\"form-group wpbc-form-element-text wpbc-form-element-datadenascimento\">  <label for=\"datadenascimento1\" class=\"control-label\">Data de Nascimento. (Ex.: 29\/02\/1980):<\/label>   <div class=\"controls\">   <input type=\"text\" name=\"datadenascimento1\" id=\"datadenascimento1\" class=\"input-xlarge\" \/><\/div><\/div>  <div class=\"form-group wpbc-form-element-text wpbc-form-element-localidade\">  <label for=\"localidade1\" class=\"control-label\">Localidade:<\/label>   <div class=\"controls\">   <input type=\"text\" name=\"localidade1\" id=\"localidade1\" class=\"input-xlarge\" \/><\/div><\/div>  <div class=\"form-group wpbc-form-element-text wpbc-form-element-phone\">  <label for=\"phone1\" class=\"control-label\">WhatsApp\/Fone:<\/label>   <div class=\"controls\">   <input type=\"text\" name=\"phone1\" id=\"phone1\" class=\"input-xlarge\" \/><\/div><\/div>  <div class=\"form-group wpbc-form-element-textarea wpbc-form-element-details\">  <label for=\"details1\" class=\"control-label\">Assunto:<\/label>   <div class=\"controls\">   <textarea  rows=\"3\" name=\"details1\" id=\"details1\" class=\"input-xlarge\" ><\/textarea><\/div><\/div>  <div class=\"form-group wpbc-form-element-select wpbc-form-element-comoquerreceberoretorno\">  <label for=\"comoquerreceberoretorno1\" class=\"control-label\">Como quer receber o retorno?:<\/label>   <div class=\"controls\">   <select name=\"comoquerreceberoretorno1\" id=\"comoquerreceberoretorno1\" class=\"input-xlarge\" >  <option value=\"Por WhatsApp\" >Por WhatsApp<\/option>  <option value=\"Por E-mail\" >Por E-mail<\/option>  <option value=\"Por Liga\u00e7\u00e3o Telef\u00f4nica\" >Por Liga\u00e7\u00e3o Telef\u00f4nica<\/option>     <\/select><\/div><\/div><div class=\"form-group\"><input  autocomplete=\"off\" type=\"hidden\" name=\"wpdev_captcha_challenge_1\"  id=\"wpdev_captcha_challenge_1\" value=\"190692\" \/><input  autocomplete=\"off\" type=\"text\" class=\"captachinput\" value=\"\" name=\"captcha_input1\" id=\"captcha_input1\" \/><img class=\"captcha_img\"  id=\"captcha_img1\" alt=\"captcha\" src=\"https:\/\/bmradvogadosassociados.com.br\/wfe\/wp-content\/plugins\/booking\/js\/captcha\/tmp\/190692.png\" \/><span id=\"captcha_msg1\" class=\"wpdev-help-message\" ><\/span><\/div>\n<div class=\"form-group\"><button class=\"btn btn-default\" type=\"button\" onclick=\"mybooking_submit(this.form,1,'pt_BR');\" >Enviar<\/button><\/div>\n  <\/div>\n<\/div>\n<div class=\"wpbc_booking_form_footer\"><\/div><input id=\"bk_type1\" name=\"bk_type1\" class=\"\" type=\"hidden\" value=\"1\" \/><\/div><div id=\"submiting1\"><\/div><div class=\"form_bk_messages\" id=\"form_bk_messages1\" ><\/div><input type=\"hidden\" id=\"wpbc_nonce1\" name=\"wpbc_nonce1\" value=\"eca99cfe8f\" \/><input type=\"hidden\" name=\"_wp_http_referer\" value=\"\/wfe\/wp-json\/wp\/v2\/pages\/578\" \/><input type=\"hidden\" id=\"wpbc_nonceCALCULATE_THE_COST1\" name=\"wpbc_nonceCALCULATE_THE_COST1\" value=\"428f0ce564\" \/><input type=\"hidden\" name=\"_wp_http_referer\" value=\"\/wfe\/wp-json\/wp\/v2\/pages\/578\" \/><\/form><\/div><div id=\"booking_form_garbage1\" class=\"booking_form_garbage\"><\/div><script type=\"text\/javascript\">\n                                jQuery(document).ready( function(){\n                                    jQuery(\".widget_wpdev_booking .booking_form.form-horizontal\").removeClass(\"form-horizontal\");\n                                    var visible_booking_id_on_page_num = visible_booking_id_on_page.length;\n                                    if (visible_booking_id_on_page_num !== null ) {\n                                        for (var i=0;i< visible_booking_id_on_page_num ;i++){\n                                          if ( visible_booking_id_on_page[i]==\"booking_form_div1\" ) {\n                                              document.getElementById(\"form_id644965554882\").innerHTML = \"<span style='color:#A00;font-size:10px;'>Aviso! O calend\u00e1rio de reservas deste recurso reserv\u00e1vel j\u00e1 est\u00e1 na p\u00e1gina. Saiba mais sobre este problema nesta p\u00e1gina: https:\/\/wpbookingcalendar.com\/faq\/why-the-booking-calendar-widget-not-show-on-page\/<\/span>\";                                                                                                  \n                                              jQuery(\"#form_id644965554882\").animate( {opacity: 1}, 10000 ).fadeOut(5000);\n                                              return;\n                                          }\n                                        }\n                                        visible_booking_id_on_page[ visible_booking_id_on_page_num ]=\"booking_form_div1\";\n                                    }\n                                });\n                            <\/script> <script type='text\/javascript'>  jQuery(document).ready( function(){  date_admin_blank[1] = [];  date2approve[1] = [];  var date_approved_par = [];  wpbc_resource_availability[ 1 ] = [''];   init_datepick_cal('1', date_approved_par, 1 , 1, false   );  }); <\/script><\/div>\n<\/div>\n\n\n\n<div class=\"wp-block-column is-layout-flow\" style=\"flex-basis:25%\">\n<figure class=\"wp-block-image size-large\"><img decoding=\"async\" loading=\"lazy\" width=\"1024\" height=\"683\" src=\"http:\/\/bmradvogadosassociados.com.br\/wfe\/wp-content\/uploads\/2023\/06\/bgs-site-esc-virtual-1024x683.png\" alt=\"\" class=\"wp-image-579\" srcset=\"https:\/\/bmradvogadosassociados.com.br\/wfe\/wp-content\/uploads\/2023\/06\/bgs-site-esc-virtual-1024x683.png 1024w, https:\/\/bmradvogadosassociados.com.br\/wfe\/wp-content\/uploads\/2023\/06\/bgs-site-esc-virtual-300x200.png 300w, https:\/\/bmradvogadosassociados.com.br\/wfe\/wp-content\/uploads\/2023\/06\/bgs-site-esc-virtual-768x512.png 768w, https:\/\/bmradvogadosassociados.com.br\/wfe\/wp-content\/uploads\/2023\/06\/bgs-site-esc-virtual-1536x1024.png 1536w, https:\/\/bmradvogadosassociados.com.br\/wfe\/wp-content\/uploads\/2023\/06\/bgs-site-esc-virtual.png 1920w\" sizes=\"(max-width: 1024px) 100vw, 1024px\" \/><\/figure>\n\n\n\n<p>Oferecemos solu\u00e7\u00f5es inteligentes e eficientes para atender \u00e0s suas necessidades legais. Com uma equipe de profissionais qualificados e experientes, estamos prontos para ajudar voc\u00ea a enfrentar qualquer desafio jur\u00eddico. Confie em n\u00f3s para obter orienta\u00e7\u00e3o jur\u00eddica confi\u00e1vel, conveni\u00eancia e suporte personalizado.<\/p>\n<\/div>\n\n\n\n<div class=\"wp-block-column is-layout-flow\" style=\"flex-basis:35%\">\n<section id=\"6be53b\" class=\"section-6be53b gutentor-module gutentor-module-accordion gutentor-module-accordion-enable-toggle\"><div class=\"grid-container\">\n<div id=\"148cff\" class=\"wp-block-gutentor-m6-item section-148cff gutentor-module gutentor-module-accordion-item\"><div class=\"gutentor-module-accordion-panel g-a-panel-6be53b gutentor-module-accordion-active\"><div tabindex=\"0\" class=\"gm-ah-6be53b gutentor-module-accordion-item-heading gutentor-module-icon-position-right\"><span class=\"gutentor-module-accordion-panel-handler\" role=\"button\"><span class=\"gutentor-module-accordion-panel-handler-label\">Expertise Jur\u00eddica<\/span><span class=\"gutentor-module-accordion-icon gutentor-module-accordion-icon-active gutentor-enabled-width\"><i class=\"gm-aio-6be53b gutentor-module-accordion-icon-open fas fa-angle-down\"><\/i><i class=\"gm-aic-6be53b gutentor-module-accordion-icon-close fas fa-angle-up\"><\/i><\/span><\/span><\/div><div class=\"gm-ab-6be53b gutentor-module-accordion-body\">\n<div id=\"section-g5c09ec\" class=\"wp-block-gutentor-e0 section-g5c09ec gutentor-element gutentor-element-advanced-text\"><div class=\"gutentor-text-wrap\"><p class=\"gutentor-text\">Nossa equipe de advogados especializados em diferentes \u00e1reas do direito est\u00e1 pronta para fornecer orienta\u00e7\u00e3o jur\u00eddica precisa e confi\u00e1vel. Seja qual for o seu caso &#8211; direito civil, trabalhista, empresarial, agr\u00e1rio, p\u00fablico, entre outros &#8211; estamos preparados para oferecer uma solu\u00e7\u00e3o sob medida para voc\u00ea.<\/p><\/div><\/div>\n<\/div><\/div><\/div>\n\n\n\n<div id=\"7e3914\" class=\"wp-block-gutentor-m6-item section-7e3914 gutentor-module gutentor-module-accordion-item\"><div class=\"gutentor-module-accordion-panel g-a-panel-6be53b\"><div tabindex=\"0\" class=\"gm-ah-6be53b gutentor-module-accordion-item-heading gutentor-module-icon-position-right\"><span class=\"gutentor-module-accordion-panel-handler\" role=\"button\"><span class=\"gutentor-module-accordion-panel-handler-label\">Comodidade e Flexibilidade<\/span><span class=\"gutentor-module-accordion-icon gutentor-enabled-width\"><i class=\"gm-aio-6be53b gutentor-module-accordion-icon-open fas fa-angle-down\"><\/i><i class=\"gm-aic-6be53b gutentor-module-accordion-icon-close fas fa-angle-up\"><\/i><\/span><\/span><\/div><div class=\"gm-ab-6be53b gutentor-module-accordion-body\">\n<div id=\"section-gc8bdf2\" class=\"wp-block-gutentor-e0 section-gc8bdf2 gutentor-element gutentor-element-advanced-text\"><div class=\"gutentor-text-wrap\"><p class=\"gutentor-text\">Com nosso escrit\u00f3rio virtual, voc\u00ea tem a comodidade de acessar servi\u00e7os jur\u00eddicos de qualidade sem sair de casa ou do seu pr\u00f3prio escrit\u00f3rio. Oferecemos consultas online, comunica\u00e7\u00e3o via videoconfer\u00eancia e um atendimento personalizado adaptado \u00e0 sua agenda.<\/p><\/div><\/div>\n<\/div><\/div><\/div>\n\n\n\n<div id=\"b5cc86\" class=\"wp-block-gutentor-m6-item section-b5cc86 gutentor-module gutentor-module-accordion-item\"><div class=\"gutentor-module-accordion-panel g-a-panel-6be53b\"><div tabindex=\"0\" class=\"gm-ah-6be53b gutentor-module-accordion-item-heading gutentor-module-icon-position-right\"><span class=\"gutentor-module-accordion-panel-handler\" role=\"button\"><span class=\"gutentor-module-accordion-panel-handler-label\">Documenta\u00e7\u00e3o e Contratos<\/span><span class=\"gutentor-module-accordion-icon gutentor-enabled-width\"><i class=\"gm-aio-6be53b gutentor-module-accordion-icon-open fas fa-angle-down\"><\/i><i class=\"gm-aic-6be53b gutentor-module-accordion-icon-close fas fa-angle-up\"><\/i><\/span><\/span><\/div><div class=\"gm-ab-6be53b gutentor-module-accordion-body\">\n<div id=\"section-g9aba0e\" class=\"wp-block-gutentor-e0 section-g9aba0e gutentor-element gutentor-element-advanced-text\"><div class=\"gutentor-text-wrap\"><p class=\"gutentor-text\">Elaboramos contratos, pareceres, peti\u00e7\u00f5es e demais documentos legais com precis\u00e3o e agilidade. Conte conosco para garantir que todos os seus documentos estejam em conformidade com a legisla\u00e7\u00e3o atual e de acordo com os seus interesses.<\/p><\/div><\/div>\n<\/div><\/div><\/div>\n\n\n\n<div id=\"da629f\" class=\"wp-block-gutentor-m6-item section-da629f gutentor-module gutentor-module-accordion-item\"><div class=\"gutentor-module-accordion-panel g-a-panel-6be53b\"><div tabindex=\"0\" class=\"gm-ah-6be53b gutentor-module-accordion-item-heading gutentor-module-icon-position-right\"><span class=\"gutentor-module-accordion-panel-handler\" role=\"button\"><span class=\"gutentor-module-accordion-panel-handler-label\">Representa\u00e7\u00e3o Legal<\/span><span class=\"gutentor-module-accordion-icon gutentor-enabled-width\"><i class=\"gm-aio-6be53b gutentor-module-accordion-icon-open fas fa-angle-down\"><\/i><i class=\"gm-aic-6be53b gutentor-module-accordion-icon-close fas fa-angle-up\"><\/i><\/span><\/span><\/div><div class=\"gm-ab-6be53b gutentor-module-accordion-body\">\n<div id=\"section-gefc838\" class=\"wp-block-gutentor-e0 section-gefc838 gutentor-element gutentor-element-advanced-text\"><div class=\"gutentor-text-wrap\"><p class=\"gutentor-text\">Precisa de um representante legal competente? Nossa equipe est\u00e1 preparada para represent\u00e1-lo em audi\u00eancias, media\u00e7\u00f5es e negocia\u00e7\u00f5es. Temos a expertise necess\u00e1ria para defender seus interesses e buscar a melhor resolu\u00e7\u00e3o para o seu caso, sempre agindo com \u00e9tica, profissionalismo e comprometimento.<\/p><\/div><\/div>\n<\/div><\/div><\/div>\n\n\n\n<div id=\"c5ad01\" class=\"wp-block-gutentor-m6-item section-c5ad01 gutentor-module gutentor-module-accordion-item\"><div class=\"gutentor-module-accordion-panel g-a-panel-6be53b\"><div tabindex=\"0\" class=\"gm-ah-6be53b gutentor-module-accordion-item-heading gutentor-module-icon-position-right\"><span class=\"gutentor-module-accordion-panel-handler\" role=\"button\"><span class=\"gutentor-module-accordion-panel-handler-label\">Atendimento ao Cliente Excepcional<\/span><span class=\"gutentor-module-accordion-icon gutentor-enabled-width\"><i class=\"gm-aio-6be53b gutentor-module-accordion-icon-open fas fa-angle-down\"><\/i><i class=\"gm-aic-6be53b gutentor-module-accordion-icon-close fas fa-angle-up\"><\/i><\/span><\/span><\/div><div class=\"gm-ab-6be53b gutentor-module-accordion-body\">\n<div id=\"section-g2132c7\" class=\"wp-block-gutentor-e0 section-g2132c7 gutentor-element gutentor-element-advanced-text\"><div class=\"gutentor-text-wrap\"><p class=\"gutentor-text\">Acreditamos na import\u00e2ncia de estabelecer uma rela\u00e7\u00e3o pr\u00f3xima e de confian\u00e7a com nossos clientes. Nosso compromisso \u00e9 oferecer um atendimento personalizado, ouvindo suas necessidades, esclarecendo d\u00favidas e fornecendo atualiza\u00e7\u00f5es regulares sobre o progresso do seu caso. Sua satisfa\u00e7\u00e3o \u00e9 a nossa prioridade.<\/p><\/div><\/div>\n<\/div><\/div><\/div>\n<\/div><\/section>\n<\/div>\n<\/div>\n","protected":false},"excerpt":{"rendered":"<p>O seu Escrit\u00f3rio de Advocacia Online e de Confian\u00e7a!<\/p>\n","protected":false},"author":1,"featured_media":579,"parent":0,"menu_order":0,"comment_status":"closed","ping_status":"closed","template":"","meta":[],"_links":{"self":[{"href":"https:\/\/bmradvogadosassociados.com.br\/wfe\/wp-json\/wp\/v2\/pages\/578"}],"collection":[{"href":"https:\/\/bmradvogadosassociados.com.br\/wfe\/wp-json\/wp\/v2\/pages"}],"about":[{"href":"https:\/\/bmradvogadosassociados.com.br\/wfe\/wp-json\/wp\/v2\/types\/page"}],"author":[{"embeddable":true,"href":"https:\/\/bmradvogadosassociados.com.br\/wfe\/wp-json\/wp\/v2\/users\/1"}],"replies":[{"embeddable":true,"href":"https:\/\/bmradvogadosassociados.com.br\/wfe\/wp-json\/wp\/v2\/comments?post=578"}],"version-history":[{"count":25,"href":"https:\/\/bmradvogadosassociados.com.br\/wfe\/wp-json\/wp\/v2\/pages\/578\/revisions"}],"predecessor-version":[{"id":648,"href":"https:\/\/bmradvogadosassociados.com.br\/wfe\/wp-json\/wp\/v2\/pages\/578\/revisions\/648"}],"wp:featuredmedia":[{"embeddable":true,"href":"https:\/\/bmradvogadosassociados.com.br\/wfe\/wp-json\/wp\/v2\/media\/579"}],"wp:attachment":[{"href":"https:\/\/bmradvogadosassociados.com.br\/wfe\/wp-json\/wp\/v2\/media?parent=578"}],"curies":[{"name":"wp","href":"https:\/\/api.w.org\/{rel}","templated":true}]}}